{"id":90,"date":"2017-06-06T11:08:19","date_gmt":"2017-06-06T16:08:19","guid":{"rendered":"http:\/\/www.orangetraffic.com\/?page_id=90\/"},"modified":"2017-10-06T11:01:06","modified_gmt":"2017-10-06T16:01:06","slug":"services","status":"publish","type":"page","link":"https:\/\/www.orangetraffic.com\/fr\/services\/","title":{"rendered":"Services"},"content":{"rendered":"<p>Orange Traffic, c\u2019est une \u00e9quipe avant-gardiste et constamment \u00e0 l\u2019\u00e9coute de ses clients. Conscients que vos besoins n\u00e9cessitent une expertise de pointe et que vous devez en faire plus en respectant toujours certaines contraintes budg\u00e9taires, notre offre de services est personnalis\u00e9e pour r\u00e9pondre \u00e0 vos exigences et vous assurer une tranquillit\u00e9 d\u2019esprit.<\/p>\n<p><strong>\u00a0<\/strong><\/p>\n<p>Des sp\u00e9cialistes d\u00e9vou\u00e9s, une approche personnalis\u00e9e, le service avant tout. C\u2019est \u00e7a l\u2019\u00e9quipe Orange Traffic.<\/p>\n","protected":false},"excerpt":{"rendered":"<p>Orange Traffic, c\u2019est une \u00e9quipe avant-gardiste et constamment \u00e0 l\u2019\u00e9coute de ses clients. Conscients que vos besoins n\u00e9cessitent une expertise de pointe et que vous devez en faire plus en respectant toujours certaines contraintes budg\u00e9taires, notre offre de services est personnalis\u00e9e pour r\u00e9pondre \u00e0 vos exigences et vous assurer une tranquillit\u00e9 d\u2019esprit. \u00a0 Des sp\u00e9cialistes [&hellip;]<\/p>\n","protected":false},"author":1,"featured_media":0,"parent":0,"menu_order":77,"comment_status":"closed","ping_status":"closed","template":"page-services.php","meta":{"_acf_changed":false,"ngg_post_thumbnail":0,"footnotes":""},"yst_prominent_words":[],"class_list":["post-90","page","type-page","status-publish","hentry"],"acf":[],"_links":{"self":[{"href":"https:\/\/www.orangetraffic.com\/fr\/wp-json\/wp\/v2\/pages\/90","targetHints":{"allow":["GET"]}}],"collection":[{"href":"https:\/\/www.orangetraffic.com\/fr\/wp-json\/wp\/v2\/pages"}],"about":[{"href":"https:\/\/www.orangetraffic.com\/fr\/wp-json\/wp\/v2\/types\/page"}],"author":[{"embeddable":true,"href":"https:\/\/www.orangetraffic.com\/fr\/wp-json\/wp\/v2\/users\/1"}],"replies":[{"embeddable":true,"href":"https:\/\/www.orangetraffic.com\/fr\/wp-json\/wp\/v2\/comments?post=90"}],"version-history":[{"count":4,"href":"https:\/\/www.orangetraffic.com\/fr\/wp-json\/wp\/v2\/pages\/90\/revisions"}],"predecessor-version":[{"id":2960,"href":"https:\/\/www.orangetraffic.com\/fr\/wp-json\/wp\/v2\/pages\/90\/revisions\/2960"}],"wp:attachment":[{"href":"https:\/\/www.orangetraffic.com\/fr\/wp-json\/wp\/v2\/media?parent=90"}],"wp:term":[{"taxonomy":"yst_prominent_words","embeddable":true,"href":"https:\/\/www.orangetraffic.com\/fr\/wp-json\/wp\/v2\/yst_prominent_words?post=90"}],"curies":[{"name":"wp","href":"https:\/\/api.w.org\/{rel}","templated":true}]}}