{"id":705,"date":"2017-07-04T10:09:51","date_gmt":"2017-07-04T15:09:51","guid":{"rendered":"http:\/\/www.orangetraffic.com\/?page_id=705\/"},"modified":"2017-10-03T13:00:49","modified_gmt":"2017-10-03T18:00:49","slug":"conditions_utilisation","status":"publish","type":"page","link":"https:\/\/www.orangetraffic.com\/fr\/conditions_utilisation\/","title":{"rendered":"Conditions g\u00e9n\u00e9rales d&rsquo;utilisation"},"content":{"rendered":"<h2>Conditions g\u00e9n\u00e9rales d\u2019utilisation<\/h2>\n<p>&nbsp;<\/p>\n<p>Merci de bien lire ces conditions avant d&rsquo;utiliser ce site Web.<\/p>\n<p>Bienvenue sur le site Web d&rsquo;Orange Traffic. Veuillez lire attentivement cette convention, qui s\u2019applique \u00e0 l\u2019utilisation de ce site Web. En utilisant ce site Web, vous attestez que vous avez examin\u00e9 et que vous comprenez les conditions pr\u00e9vues aux pr\u00e9sentes, et que vous acceptez, sans restriction ni condition, d\u2019\u00eatre li\u00e9 par celles-ci.<\/p>\n<p>Puisque les modalit\u00e9s de cette convention peuvent \u00eatre modifi\u00e9es, \u00e0 la discr\u00e9tion exclusive d&rsquo;Orange Traffic, sans que vous en soyez avis\u00e9, nous vous conseillons de visiter cette page Web de temps \u00e0 autre afin de vous tenir au courant des changements. Votre utilisation continue de cette page Web attestera votre consentement \u00e0 tout changement.<\/p>\n<ol>\n<li>Politique de protection de la vie priv\u00e9e\u00a0: l\u2019utilisation de ce site Web est assujettie \u00e0 la politique de confidentialit\u00e9 d&rsquo;Orange Traffic. En acc\u00e9dant \u00e0 ce site Web, vous confirmez avoir lu non seulement cette convention, mais aussi la politique de confidentialit\u00e9 et consentez \u00e0 \u00eatre li\u00e9 par celles-ci.<\/li>\n<li>L\u2019utilisation de ce site Web\u00a0: vous reconnaissez et garantissez que toute information que vous publiez sur ce site Web ou que vous y transmettez ou soumettez\u00a0: i) n\u2019enfreint pas vos droits; ii) n\u2019enfreint pas les droits d\u2019un tiers, plus sp\u00e9cifiquement, sans en exclure d\u2019autres, les droits de propri\u00e9t\u00e9 intellectuelle, ou tout autre droit confidentiel ou de propri\u00e9t\u00e9; iii) ne constitue pas une infraction criminelle ou n\u2019encourt pas de responsabilit\u00e9 civile. De plus, vous reconnaissez et garantissez qu\u2019en toute connaissance de cause, vous ne publierez pas, ne transmettrez pas et ne soumettrez pas de l\u2019information de quelque nature que ce soit qui causera un pr\u00e9judice \u00e0 ce site Web, ou \u00e0 tout autre usager. Vos droits d\u2019acc\u00e9der \u00e0 ce site Web peuvent \u00eatre r\u00e9sili\u00e9s ou limit\u00e9s \u00e0 tout moment, \u00e0 la discr\u00e9tion exclusive d&rsquo;Orange Traffic. Orange Traffic n\u2019est pas tenue de vous informer \u00e0 l\u2019avance d\u2019une telle r\u00e9siliation ou de vous fournir des explications \u00e0 cet \u00e9gard. Cette r\u00e9siliation s\u2019ajoutera aux autres droits qu&rsquo;Orange Traffic choisira d\u2019appliquer.<\/li>\n<li>Droits d\u2019auteur et marques de commerce\u00a0: tout mat\u00e9riel affich\u00e9 sur ce site Web ou accessible \u00e0 partir de ce site Web appartient \u00e0 Orange Traffic et aux tiers fournisseurs. Ces \u00e9l\u00e9ments sont prot\u00e9g\u00e9s par les lois applicables sur le droit d\u2019auteur et les marques de commerce au Canada et ailleurs. Par la pr\u00e9sente, vous convenez de ne pas imprimer, copier, reproduire, publier, transmettre ou distribuer le contenu de ce site Web ou encore d\u2019en faire tout usage similaire, y compris, sans s\u2019y limiter, le contenu textuel, graphique, audio ou vid\u00e9o, ainsi que le code. Nonobstant ce qui pr\u00e9c\u00e8de, vous pouvez acc\u00e9der \u00e0 ce site Web et effectuer une seule copie du mat\u00e9riel dans le cadre d\u2019un usage personnel et non pas dans le cadre d\u2019un usage commercial. Rien dans cette convention ne doit \u00eatre interpr\u00e9t\u00e9 comme une licence vous permettant d\u2019en faire un tout autre usage, sauf dans le cadre d\u2019un usage personnel.<\/li>\n<li>Liens\u00a0: ce site Web peut contenir des liens vers d\u2019autres sites Web exploit\u00e9s par des tiers et qui ne sont pas contr\u00f4l\u00e9es par Orange Traffic. Orange Traffic n\u2019est pas responsable des pages reli\u00e9es \u00e0 son site par hyperliens et n\u2019assume express\u00e9ment aucune responsabilit\u00e9 quant aux pages auxquelles vous acc\u00e9dez \u00e0 vos propres risques.<\/li>\n<li>Indemnisation\u00a0: vous convenez d\u2019indemniser Orange Traffic, ses dirigeants, administrateurs, employ\u00e9s ou mandataires contre toute action, y compris les frais juridiques raisonnables, caus\u00e9e par votre mauvais usage du site Web ou la violation d\u2019une disposition de cette convention.<\/li>\n<\/ol>\n<p>&nbsp;<\/p>\n<p>Orangetraffic.com est h\u00e9berg\u00e9 par OpenMind technologies inc.<\/p>\n","protected":false},"excerpt":{"rendered":"<p>Conditions g\u00e9n\u00e9rales d\u2019utilisation &nbsp; Merci de bien lire ces conditions avant d&rsquo;utiliser ce site Web. Bienvenue sur le site Web d&rsquo;Orange Traffic. Veuillez lire attentivement cette convention, qui s\u2019applique \u00e0 l\u2019utilisation de ce site Web. En utilisant ce site Web, vous attestez que vous avez examin\u00e9 et que vous comprenez les conditions pr\u00e9vues aux pr\u00e9sentes, [&hellip;]<\/p>\n","protected":false},"author":1,"featured_media":0,"parent":0,"menu_order":90,"comment_status":"closed","ping_status":"closed","template":"","meta":{"_acf_changed":false,"ngg_post_thumbnail":0,"footnotes":""},"yst_prominent_words":[],"class_list":["post-705","page","type-page","status-publish","hentry"],"acf":[],"_links":{"self":[{"href":"https:\/\/www.orangetraffic.com\/fr\/wp-json\/wp\/v2\/pages\/705","targetHints":{"allow":["GET"]}}],"collection":[{"href":"https:\/\/www.orangetraffic.com\/fr\/wp-json\/wp\/v2\/pages"}],"about":[{"href":"https:\/\/www.orangetraffic.com\/fr\/wp-json\/wp\/v2\/types\/page"}],"author":[{"embeddable":true,"href":"https:\/\/www.orangetraffic.com\/fr\/wp-json\/wp\/v2\/users\/1"}],"replies":[{"embeddable":true,"href":"https:\/\/www.orangetraffic.com\/fr\/wp-json\/wp\/v2\/comments?post=705"}],"version-history":[{"count":8,"href":"https:\/\/www.orangetraffic.com\/fr\/wp-json\/wp\/v2\/pages\/705\/revisions"}],"predecessor-version":[{"id":2919,"href":"https:\/\/www.orangetraffic.com\/fr\/wp-json\/wp\/v2\/pages\/705\/revisions\/2919"}],"wp:attachment":[{"href":"https:\/\/www.orangetraffic.com\/fr\/wp-json\/wp\/v2\/media?parent=705"}],"wp:term":[{"taxonomy":"yst_prominent_words","embeddable":true,"href":"https:\/\/www.orangetraffic.com\/fr\/wp-json\/wp\/v2\/yst_prominent_words?post=705"}],"curies":[{"name":"wp","href":"https:\/\/api.w.org\/{rel}","templated":true}]}}