{"id":2667,"date":"2017-09-19T09:34:01","date_gmt":"2017-09-19T14:34:01","guid":{"rendered":"http:\/\/www.orangetraffic.com\/?page_id=2667"},"modified":"2017-10-11T07:40:10","modified_gmt":"2017-10-11T12:40:10","slug":"videos","status":"publish","type":"page","link":"https:\/\/www.orangetraffic.com\/fr\/entreprise\/videos\/","title":{"rendered":"Vid\u00e9os"},"content":{"rendered":"<p>Orange Traffic, c\u2019est une \u00e9quipe dynamique et innovatrice qui repousse les limites et sort des sentiers battus pour aller au-devant des besoins des villes d\u2019aujourd\u2019hui et de celles du futur. \u00c0 travers les vid\u00e9os que nous vous pr\u00e9sentons, rencontrez nos experts et d\u00e9couvrez nos solutions!<\/p>\n","protected":false},"excerpt":{"rendered":"<p>Orange Traffic, c\u2019est une \u00e9quipe dynamique et innovatrice qui repousse les limites et sort des sentiers battus pour aller au-devant des besoins des villes d\u2019aujourd\u2019hui et de celles du futur. \u00c0 travers les vid\u00e9os que nous vous pr\u00e9sentons, rencontrez nos experts et d\u00e9couvrez nos solutions!<\/p>\n","protected":false},"author":1,"featured_media":0,"parent":7281,"menu_order":50,"comment_status":"closed","ping_status":"closed","template":"page-videos.php","meta":{"_acf_changed":false,"ngg_post_thumbnail":0,"footnotes":""},"yst_prominent_words":[],"class_list":["post-2667","page","type-page","status-publish","hentry"],"acf":[],"_links":{"self":[{"href":"https:\/\/www.orangetraffic.com\/fr\/wp-json\/wp\/v2\/pages\/2667","targetHints":{"allow":["GET"]}}],"collection":[{"href":"https:\/\/www.orangetraffic.com\/fr\/wp-json\/wp\/v2\/pages"}],"about":[{"href":"https:\/\/www.orangetraffic.com\/fr\/wp-json\/wp\/v2\/types\/page"}],"author":[{"embeddable":true,"href":"https:\/\/www.orangetraffic.com\/fr\/wp-json\/wp\/v2\/users\/1"}],"replies":[{"embeddable":true,"href":"https:\/\/www.orangetraffic.com\/fr\/wp-json\/wp\/v2\/comments?post=2667"}],"version-history":[{"count":2,"href":"https:\/\/www.orangetraffic.com\/fr\/wp-json\/wp\/v2\/pages\/2667\/revisions"}],"predecessor-version":[{"id":2670,"href":"https:\/\/www.orangetraffic.com\/fr\/wp-json\/wp\/v2\/pages\/2667\/revisions\/2670"}],"up":[{"embeddable":true,"href":"https:\/\/www.orangetraffic.com\/fr\/wp-json\/wp\/v2\/pages\/7281"}],"wp:attachment":[{"href":"https:\/\/www.orangetraffic.com\/fr\/wp-json\/wp\/v2\/media?parent=2667"}],"wp:term":[{"taxonomy":"yst_prominent_words","embeddable":true,"href":"https:\/\/www.orangetraffic.com\/fr\/wp-json\/wp\/v2\/yst_prominent_words?post=2667"}],"curies":[{"name":"wp","href":"https:\/\/api.w.org\/{rel}","templated":true}]}}