{"id":2581,"date":"2017-09-18T09:13:59","date_gmt":"2017-09-18T14:13:59","guid":{"rendered":"http:\/\/www.orangetraffic.com\/?page_id=2581"},"modified":"2017-10-03T13:04:28","modified_gmt":"2017-10-03T18:04:28","slug":"politique-de-cookies","status":"publish","type":"page","link":"https:\/\/www.orangetraffic.com\/fr\/politique-de-cookies\/","title":{"rendered":"Politique sur les cookies"},"content":{"rendered":"<h2>Politique sur les cookies (t\u00e9moins)<\/h2>\n<p>&nbsp;<\/p>\n<p>Lors de la consultation du site, des cookies sont d\u00e9pos\u00e9s sur votre ordinateur. Cette section vous permet de mieux comprendre comment fonctionnent les cookies et comment utiliser les outils actuels afin d\u2019en d\u00e9finir les param\u00e8tres.<\/p>\n<p>&nbsp;<\/p>\n<h3>Qu\u2019est-ce qu\u2019un cookie?<\/h3>\n<p>&nbsp;<\/p>\n<p>Un cookie d\u00e9signe un fichier texte que le serveur (le site) que vous visitez enregistre sur votre disque dur ou dans la m\u00e9moire de votre navigateur et qui permet \u00e0 votre ordinateur de stocker diff\u00e9rentes donn\u00e9es techniques permettant le contr\u00f4le g\u00e9n\u00e9ral de l&rsquo;acc\u00e8s du public au site (nombres de visites, fr\u00e9quence d\u2019exposition \u00e0 une banni\u00e8re publicitaire, connexion \u00e0 d&rsquo;autres sites, etc.).<\/p>\n<p>&nbsp;<\/p>\n<h3>Les cookies du site Orange Traffic<\/h3>\n<p>&nbsp;<\/p>\n<p>Il s&rsquo;agit des cookies d\u00e9pos\u00e9s par www.orangetraffic.com sur votre ordinateur, votre tablette ou votre appareil mobile pour les besoins de la navigation sur notre site Internet.<\/p>\n<h4>Donn\u00e9es personnelles collect\u00e9es de fa\u00e7on automatique<\/h4>\n<p>Lors de votre navigation sur ce site, votre ordinateur dialogue avec un serveur qui lui fournit toutes les ressources demand\u00e9es en enregistrant automatiquement chaque op\u00e9ration dans un fichier sp\u00e9cifique o\u00f9 votre ordinateur est identifi\u00e9 par son adresse IP.<\/p>\n<p>Votre navigateur nous transmet ainsi automatiquement certaines donn\u00e9es standards.<\/p>\n<p>Outre votre adresse IP, il s\u2019agit notamment du type de navigateur que vous utilisez, de ses fonctionnalit\u00e9s, de votre syst\u00e8me d&rsquo;exploitation ainsi que des date et heure d&rsquo;acc\u00e8s au site.<\/p>\n<p>Cette collecte automatique nous permet de surveiller l&rsquo;activit\u00e9 g\u00e9n\u00e9rale du site, de rep\u00e9rer les erreurs et de veiller \u00e0 ce que le site b\u00e9n\u00e9ficie des ressources mat\u00e9rielles adapt\u00e9es.<\/p>\n<p>Ces donn\u00e9es, et en particulier votre adresse IP, ne nous permettent pas de vous identifier nominativement, sauf \u00e0 interroger votre fournisseur d&rsquo;acc\u00e8s, ce qui n\u2019est possible que dans le cadre d&rsquo;une proc\u00e9dure judiciaire.<\/p>\n<p>Des cookies sont aussi utilis\u00e9s de fa\u00e7on agr\u00e9g\u00e9e, et donc anonyme, afin de nous permettre d\u2019am\u00e9liorer l\u2019ergonomie de navigation et de cerner les centres d\u2019int\u00e9r\u00eat des internautes dans leur globalit\u00e9.<\/p>\n<p>Vous \u00eates libre d&rsquo;accepter ou de refuser ces cookies. Il vous suffit de modifier certains param\u00e8tres de votre navigateur de fa\u00e7on \u00e0 refuser les cookies ou \u00e0 \u00eatre averti en cas d&rsquo;enregistrement d&rsquo;un cookie sur votre ordinateur.<\/p>\n<p>Il vous est \u00e9galement possible d&rsquo;effacer les cookies stock\u00e9s sur votre ordinateur afin de supprimer d\u00e9finitivement les informations qu&rsquo;ils contiennent.<\/p>\n<p>&nbsp;<\/p>\n<h4><em>Les cookies de mesure d&rsquo;audience<\/em><\/h4>\n<p>Nous utilisons <a href=\"https:\/\/www.google.fr\/intl\/fr\/analytics\/\" target=\"_blank\" rel=\"noopener\">Google Analytics<\/a> pour collecter des informations sur l&rsquo;utilisation que vous faites du site <a href=\"http:\/\/www.orangetraffic.com\">www.orangetraffic.com<\/a>. Pourquoi?<\/p>\n<ul>\n<li>Pour nous aider \u00e0 mesurer et \u00e9tudier l&rsquo;efficacit\u00e9 de notre contenu interactif en ligne.<\/li>\n<li>Pour suivre les donn\u00e9es analytiques sur le site et l&rsquo;utilisation faite du site par les utilisateurs.<\/li>\n<li>Pour am\u00e9liorer les services du site.<\/li>\n<\/ul>\n<p>Google Analytics collecte les informations sur\u00a0:<\/p>\n<ul>\n<li>Les pages que vous visitez et combien de temps vous passez sur ces pages.<\/li>\n<li>La mani\u00e8re dont vous \u00eates arriv\u00e9 sur le site (site r\u00e9f\u00e9rent, r\u00e9seaux sociaux, moteur de recherche, etc.).<\/li>\n<li>Les liens cliqu\u00e9s sur le site durant la visite.<\/li>\n<\/ul>\n<p>Nous ne collectons pas vos renseignements personnels (votre nom ou votre adresse par exemple).<\/p>\n<p>Nous n&rsquo;autorisons pas l&rsquo;utilisation ou le partage de ces donn\u00e9es par Google Analytics.<\/p>\n<p>Vous pouvez choisir <a href=\"https:\/\/tools.google.com\/dlpage\/gaoptout\" target=\"_blank\" rel=\"noopener\">de ne pas envoyer d&rsquo;information au service Google Analytics<\/a>.<\/p>\n<p>&nbsp;<\/p>\n<h3>G\u00e9rer vos pr\u00e9f\u00e9rences<\/h3>\n<p>&nbsp;<\/p>\n<p>Vous disposez de diff\u00e9rents moyens pour g\u00e9rer les cookies.<\/p>\n<p>Votre navigateur peut \u00e9galement \u00eatre param\u00e9tr\u00e9 pour vous signaler les cookies qui sont d\u00e9pos\u00e9s dans votre ordinateur et vous demander de les accepter ou non.<\/p>\n<p>Vous pouvez accepter ou refuser les cookies au cas par cas ou bien les refuser syst\u00e9matiquement.<\/p>\n<p>Nous vous rappelons que le param\u00e9trage est susceptible de modifier votre exp\u00e9rience sur notre site.<\/p>\n<p>La configuration de chaque navigateur est diff\u00e9rente. Elle est d\u00e9crite dans le menu d&rsquo;aide de votre navigateur, qui vous permettra de savoir de quelle mani\u00e8re modifier vos pr\u00e9f\u00e9rences en mati\u00e8re de cookies.<\/p>\n<p>Vous pouvez d\u00e9sactiver les cookies en suivant les instructions du navigateur que vous utilisez.<\/p>\n","protected":false},"excerpt":{"rendered":"<p>Politique sur les cookies (t\u00e9moins) &nbsp; Lors de la consultation du site, des cookies sont d\u00e9pos\u00e9s sur votre ordinateur. Cette section vous permet de mieux comprendre comment fonctionnent les cookies et comment utiliser les outils actuels afin d\u2019en d\u00e9finir les param\u00e8tres. &nbsp; Qu\u2019est-ce qu\u2019un cookie? &nbsp; Un cookie d\u00e9signe un fichier texte que le serveur [&hellip;]<\/p>\n","protected":false},"author":1,"featured_media":0,"parent":0,"menu_order":39,"comment_status":"closed","ping_status":"closed","template":"","meta":{"_acf_changed":false,"ngg_post_thumbnail":0,"footnotes":""},"yst_prominent_words":[],"class_list":["post-2581","page","type-page","status-publish","hentry"],"acf":[],"_links":{"self":[{"href":"https:\/\/www.orangetraffic.com\/fr\/wp-json\/wp\/v2\/pages\/2581","targetHints":{"allow":["GET"]}}],"collection":[{"href":"https:\/\/www.orangetraffic.com\/fr\/wp-json\/wp\/v2\/pages"}],"about":[{"href":"https:\/\/www.orangetraffic.com\/fr\/wp-json\/wp\/v2\/types\/page"}],"author":[{"embeddable":true,"href":"https:\/\/www.orangetraffic.com\/fr\/wp-json\/wp\/v2\/users\/1"}],"replies":[{"embeddable":true,"href":"https:\/\/www.orangetraffic.com\/fr\/wp-json\/wp\/v2\/comments?post=2581"}],"version-history":[{"count":10,"href":"https:\/\/www.orangetraffic.com\/fr\/wp-json\/wp\/v2\/pages\/2581\/revisions"}],"predecessor-version":[{"id":2921,"href":"https:\/\/www.orangetraffic.com\/fr\/wp-json\/wp\/v2\/pages\/2581\/revisions\/2921"}],"wp:attachment":[{"href":"https:\/\/www.orangetraffic.com\/fr\/wp-json\/wp\/v2\/media?parent=2581"}],"wp:term":[{"taxonomy":"yst_prominent_words","embeddable":true,"href":"https:\/\/www.orangetraffic.com\/fr\/wp-json\/wp\/v2\/yst_prominent_words?post=2581"}],"curies":[{"name":"wp","href":"https:\/\/api.w.org\/{rel}","templated":true}]}}