{"id":1540,"date":"2017-08-24T14:06:37","date_gmt":"2017-08-24T19:06:37","guid":{"rendered":"http:\/\/www.orangetraffic.com\/?page_id=1540\/"},"modified":"2024-11-11T17:19:10","modified_gmt":"2024-11-11T22:19:10","slug":"recherche-et-developpement","status":"publish","type":"page","link":"https:\/\/www.orangetraffic.com\/fr\/entreprise\/recherche-et-developpement\/","title":{"rendered":"Recherche et d\u00e9veloppement"},"content":{"rendered":"<h2>Recherche et d\u00e9veloppement<\/h2>\n<h3>La force de notre \u00e9quipe\u00a0: la conception et l\u2019implantation de solutions in\u00e9dites<\/h3>\n<p>Depuis plusieurs ann\u00e9es d\u00e9j\u00e0, les infrastructures urbaines sont en constante transformation. Les technologies utilis\u00e9es \u00e0 ce jour pour assurer la fluidit\u00e9 de la circulation deviennent de moins en moins performantes et des changements majeurs sont encore \u00e0 pr\u00e9voir avec la venue des v\u00e9hicules connect\u00e9s.<\/p>\n<p>Depuis plus de 20 ans, le succ\u00e8s d\u2019Orange Traffic r\u00e9sulte des efforts consentis dans la conception et l\u2019implantation de solutions in\u00e9dites. Aujourd\u2019hui, la cueillette et l\u2019analyse de donn\u00e9es en temps r\u00e9el sont essentielles pour optimiser la performance des r\u00e9seaux routiers.<\/p>\n<p>En mati\u00e8re de recherche et d\u00e9veloppement, l\u2019\u00e9quipe d\u2019Orange Traffic travaille chaque jour \u00e0\u00a0:<\/p>\n<ul>\n<li>Am\u00e9liorer et optimiser les produits existants.<\/li>\n<li>D\u00e9velopper des concepts et des produits innovateurs pour permettre la cr\u00e9ation des villes du futur.<\/li>\n<li>Int\u00e9grer des solutions pour r\u00e9pondre aux besoins sp\u00e9cifiques de ses clients.<\/li>\n<\/ul>\n<p>Dans chacune de ses op\u00e9rations, Orange Traffic poursuit sa mission d\u2019optimiser la fluidit\u00e9 et la s\u00e9curit\u00e9 sur les routes de fa\u00e7on innovatrice.<\/p>\n","protected":false},"excerpt":{"rendered":"<p>Recherche et d\u00e9veloppement La force de notre \u00e9quipe\u00a0: la conception et l\u2019implantation de solutions in\u00e9dites Depuis plusieurs ann\u00e9es d\u00e9j\u00e0, les infrastructures urbaines sont en constante transformation. Les technologies utilis\u00e9es \u00e0 ce jour pour assurer la fluidit\u00e9 de la circulation deviennent de moins en moins performantes et des changements majeurs sont encore \u00e0 pr\u00e9voir avec la [&hellip;]<\/p>\n","protected":false},"author":1,"featured_media":0,"parent":7281,"menu_order":40,"comment_status":"closed","ping_status":"closed","template":"","meta":{"_acf_changed":false,"ngg_post_thumbnail":0,"footnotes":""},"yst_prominent_words":[],"class_list":["post-1540","page","type-page","status-publish","hentry"],"acf":[],"_links":{"self":[{"href":"https:\/\/www.orangetraffic.com\/fr\/wp-json\/wp\/v2\/pages\/1540","targetHints":{"allow":["GET"]}}],"collection":[{"href":"https:\/\/www.orangetraffic.com\/fr\/wp-json\/wp\/v2\/pages"}],"about":[{"href":"https:\/\/www.orangetraffic.com\/fr\/wp-json\/wp\/v2\/types\/page"}],"author":[{"embeddable":true,"href":"https:\/\/www.orangetraffic.com\/fr\/wp-json\/wp\/v2\/users\/1"}],"replies":[{"embeddable":true,"href":"https:\/\/www.orangetraffic.com\/fr\/wp-json\/wp\/v2\/comments?post=1540"}],"version-history":[{"count":5,"href":"https:\/\/www.orangetraffic.com\/fr\/wp-json\/wp\/v2\/pages\/1540\/revisions"}],"predecessor-version":[{"id":3020,"href":"https:\/\/www.orangetraffic.com\/fr\/wp-json\/wp\/v2\/pages\/1540\/revisions\/3020"}],"up":[{"embeddable":true,"href":"https:\/\/www.orangetraffic.com\/fr\/wp-json\/wp\/v2\/pages\/7281"}],"wp:attachment":[{"href":"https:\/\/www.orangetraffic.com\/fr\/wp-json\/wp\/v2\/media?parent=1540"}],"wp:term":[{"taxonomy":"yst_prominent_words","embeddable":true,"href":"https:\/\/www.orangetraffic.com\/fr\/wp-json\/wp\/v2\/yst_prominent_words?post=1540"}],"curies":[{"name":"wp","href":"https:\/\/api.w.org\/{rel}","templated":true}]}}